{"id":653,"date":"2023-02-18T16:40:52","date_gmt":"2023-02-18T15:40:52","guid":{"rendered":"https:\/\/codisgroupe.com\/?page_id=653"},"modified":"2023-04-28T16:15:29","modified_gmt":"2023-04-28T14:15:29","slug":"nos-references","status":"publish","type":"page","link":"https:\/\/codisgroupe.com\/index.php\/nos-references\/","title":{"rendered":"Nos r\u00e9f\u00e9rences"},"content":{"rendered":"\t\t<div data-elementor-type=\"wp-page\" data-elementor-id=\"653\" class=\"elementor elementor-653\">\n\t\t\t\t\t\t\t\t\t<section class=\"elementor-section elementor-top-section elementor-element elementor-element-78387af5 elementor-section-boxed elementor-section-height-default elementor-section-height-default\" data-id=\"78387af5\" data-element_type=\"section\" data-settings=\"{&quot;background_background&quot;:&quot;classic&quot;,&quot;shape_divider_bottom&quot;:&quot;curve&quot;,&quot;shape_divider_bottom_negative&quot;:&quot;yes&quot;}\">\n\t\t\t\t\t\t\t<div class=\"elementor-background-overlay\"><\/div>\n\t\t\t\t\t\t<div class=\"elementor-shape elementor-shape-bottom\" data-negative=\"true\">\n\t\t\t<svg xmlns=\"http:\/\/www.w3.org\/2000\/svg\" viewBox=\"0 0 1000 100\" preserveAspectRatio=\"none\">\n\t<path class=\"elementor-shape-fill\" d=\"M500,97C126.7,96.3,0.8,19.8,0,0v100l1000,0V1C1000,19.4,873.3,97.8,500,97z\"\/>\n<\/svg>\t\t<\/div>\n\t\t\t\t\t<div class=\"elementor-container elementor-column-gap-default\">\n\t\t\t\t\t<div class=\"elementor-column elementor-col-100 elementor-top-column elementor-element elementor-element-341d390e\" data-id=\"341d390e\" data-element_type=\"column\">\n\t\t\t<div class=\"elementor-widget-wrap elementor-element-populated\">\n\t\t\t\t\t\t\t\t<div class=\"elementor-element elementor-element-1651c777 elementor-invisible elementor-widget elementor-widget-heading\" data-id=\"1651c777\" data-element_type=\"widget\" data-settings=\"{&quot;_animation&quot;:&quot;fadeInUp&quot;}\" data-widget_type=\"heading.default\">\n\t\t\t\t<div class=\"elementor-widget-container\">\n\t\t\t<style>\/*! elementor - v3.18.0 - 20-12-2023 *\/\n.elementor-heading-title{padding:0;margin:0;line-height:1}.elementor-widget-heading .elementor-heading-title[class*=elementor-size-]>a{color:inherit;font-size:inherit;line-height:inherit}.elementor-widget-heading .elementor-heading-title.elementor-size-small{font-size:15px}.elementor-widget-heading .elementor-heading-title.elementor-size-medium{font-size:19px}.elementor-widget-heading .elementor-heading-title.elementor-size-large{font-size:29px}.elementor-widget-heading .elementor-heading-title.elementor-size-xl{font-size:39px}.elementor-widget-heading .elementor-heading-title.elementor-size-xxl{font-size:59px}<\/style><h1 class=\"elementor-heading-title elementor-size-xxl\">Nos R\u00e9f\u00e9rences<\/h1>\t\t<\/div>\n\t\t\t\t<\/div>\n\t\t\t\t\t<\/div>\n\t\t<\/div>\n\t\t\t\t\t\t\t<\/div>\n\t\t<\/section>\n\t\t\t\t<section class=\"elementor-section elementor-top-section elementor-element elementor-element-3ce80d63 elementor-section-boxed elementor-section-height-default elementor-section-height-default\" data-id=\"3ce80d63\" data-element_type=\"section\">\n\t\t\t\t\t\t\t<div class=\"elementor-background-overlay\"><\/div>\n\t\t\t\t\t\t\t<div class=\"elementor-container elementor-column-gap-default\">\n\t\t\t\t\t<div class=\"elementor-column elementor-col-100 elementor-top-column elementor-element elementor-element-1cc3b9b\" data-id=\"1cc3b9b\" data-element_type=\"column\">\n\t\t\t<div class=\"elementor-widget-wrap elementor-element-populated\">\n\t\t\t\t\t\t\t\t<section class=\"elementor-section elementor-inner-section elementor-element elementor-element-54cf5b8a elementor-section-boxed elementor-section-height-default elementor-section-height-default\" data-id=\"54cf5b8a\" data-element_type=\"section\">\n\t\t\t\t\t\t<div class=\"elementor-container elementor-column-gap-default\">\n\t\t\t\t\t<div class=\"elementor-column elementor-col-50 elementor-inner-column elementor-element elementor-element-cb4510d elementor-invisible\" data-id=\"cb4510d\" data-element_type=\"column\" data-settings=\"{&quot;animation&quot;:&quot;bounceInLeft&quot;}\">\n\t\t\t<div class=\"elementor-widget-wrap elementor-element-populated\">\n\t\t\t\t\t\t\t\t<div class=\"elementor-element elementor-element-42f6e05c elementor-position-top elementor-widget elementor-widget-image-box\" data-id=\"42f6e05c\" data-element_type=\"widget\" data-widget_type=\"image-box.default\">\n\t\t\t\t<div class=\"elementor-widget-container\">\n\t\t\t<style>\/*! elementor - v3.18.0 - 20-12-2023 *\/\n.elementor-widget-image-box .elementor-image-box-content{width:100%}@media (min-width:768px){.elementor-widget-image-box.elementor-position-left .elementor-image-box-wrapper,.elementor-widget-image-box.elementor-position-right .elementor-image-box-wrapper{display:flex}.elementor-widget-image-box.elementor-position-right .elementor-image-box-wrapper{text-align:right;flex-direction:row-reverse}.elementor-widget-image-box.elementor-position-left .elementor-image-box-wrapper{text-align:left;flex-direction:row}.elementor-widget-image-box.elementor-position-top .elementor-image-box-img{margin:auto}.elementor-widget-image-box.elementor-vertical-align-top .elementor-image-box-wrapper{align-items:flex-start}.elementor-widget-image-box.elementor-vertical-align-middle .elementor-image-box-wrapper{align-items:center}.elementor-widget-image-box.elementor-vertical-align-bottom .elementor-image-box-wrapper{align-items:flex-end}}@media (max-width:767px){.elementor-widget-image-box .elementor-image-box-img{margin-left:auto!important;margin-right:auto!important;margin-bottom:15px}}.elementor-widget-image-box .elementor-image-box-img{display:inline-block}.elementor-widget-image-box .elementor-image-box-title a{color:inherit}.elementor-widget-image-box .elementor-image-box-wrapper{text-align:center}.elementor-widget-image-box .elementor-image-box-description{margin:0}<\/style><div class=\"elementor-image-box-wrapper\"><figure class=\"elementor-image-box-img\"><a href=\"#\" tabindex=\"-1\"><img width=\"193\" height=\"119\" src=\"https:\/\/codisgroupe.com\/wp-content\/uploads\/2023\/02\/Image1-1.png\" class=\"attachment-full size-full wp-image-1046\" alt=\"\" decoding=\"async\" \/><\/a><\/figure><div class=\"elementor-image-box-content\"><h4 class=\"elementor-image-box-title\"><a href=\"#\">PVCP\/DISNEY \u2013 Village Nature<\/a><\/h4><\/div><\/div>\t\t<\/div>\n\t\t\t\t<\/div>\n\t\t\t\t<div class=\"elementor-element elementor-element-2ab0121 elementor-widget elementor-widget-text-editor\" data-id=\"2ab0121\" data-element_type=\"widget\" data-widget_type=\"text-editor.default\">\n\t\t\t\t<div class=\"elementor-widget-container\">\n\t\t\t<style>\/*! elementor - v3.18.0 - 20-12-2023 *\/\n.elementor-widget-text-editor.elementor-drop-cap-view-stacked .elementor-drop-cap{background-color:#69727d;color:#fff}.elementor-widget-text-editor.elementor-drop-cap-view-framed .elementor-drop-cap{color:#69727d;border:3px solid;background-color:transparent}.elementor-widget-text-editor:not(.elementor-drop-cap-view-default) .elementor-drop-cap{margin-top:8px}.elementor-widget-text-editor:not(.elementor-drop-cap-view-default) .elementor-drop-cap-letter{width:1em;height:1em}.elementor-widget-text-editor .elementor-drop-cap{float:left;text-align:center;line-height:1;font-size:50px}.elementor-widget-text-editor .elementor-drop-cap-letter{display:inline-block}<\/style>\t\t\t\t<p><b>Direction de <\/b><b>Travaux<\/b><b> TCE en phase Ex\u00e9cution<\/b><br \/><b>Projet<\/b> : 1730 unit\u00e9s d\u2019h\u00e9bergements sur une surface de 300Ha. (160 000m\u00b2 de b\u00e2timents r\u00e9cr\u00e9atifs et 180 ha d\u2019espaces am\u00e9nag\u00e9s.<br \/><b>Co\u00fbt des travaux : 785 millions d\u2019\u20ac HT<\/b><\/p>\t\t\t\t\t\t<\/div>\n\t\t\t\t<\/div>\n\t\t\t\t\t<\/div>\n\t\t<\/div>\n\t\t\t\t<div class=\"elementor-column elementor-col-50 elementor-inner-column elementor-element elementor-element-3a279a20 elementor-invisible\" data-id=\"3a279a20\" data-element_type=\"column\" data-settings=\"{&quot;animation&quot;:&quot;bounceInLeft&quot;,&quot;animation_delay&quot;:500}\">\n\t\t\t<div class=\"elementor-widget-wrap elementor-element-populated\">\n\t\t\t\t\t\t\t\t<div class=\"elementor-element elementor-element-68ebe325 elementor-position-top elementor-widget elementor-widget-image-box\" data-id=\"68ebe325\" data-element_type=\"widget\" data-widget_type=\"image-box.default\">\n\t\t\t\t<div class=\"elementor-widget-container\">\n\t\t\t<div class=\"elementor-image-box-wrapper\"><figure class=\"elementor-image-box-img\"><a href=\"#\" tabindex=\"-1\"><img width=\"192\" height=\"119\" src=\"https:\/\/codisgroupe.com\/wp-content\/uploads\/2023\/02\/Image2.jpg\" class=\"attachment-full size-full wp-image-1074\" alt=\"\" decoding=\"async\" \/><\/a><\/figure><div class=\"elementor-image-box-content\"><h4 class=\"elementor-image-box-title\"><a href=\"#\">BOUYGUES IMMOBILIER \u2013 Enjoy Batignolles<\/a><\/h4><\/div><\/div>\t\t<\/div>\n\t\t\t\t<\/div>\n\t\t\t\t<div class=\"elementor-element elementor-element-b430c2a elementor-widget elementor-widget-text-editor\" data-id=\"b430c2a\" data-element_type=\"widget\" data-widget_type=\"text-editor.default\">\n\t\t\t\t<div class=\"elementor-widget-container\">\n\t\t\t\t\t\t\t<p><b>Direction de Travaux TCE en phase Ex\u00e9cution<br \/>Projet : <\/b>Immeuble de bureaux \u00e0 \u00e9nergie positive (Green Office), sur 7 niveaux + 1 niveau de sous-sol superficiel. Construction mixte en b\u00e9ton et bois, comprenant\u00a0: 17\u00a0000 m\u00b2 SDP, 450 m\u00b2 de commerces et un espace de coworking.<br \/><b>Co\u00fbt des travaux : 35 millions d\u2019\u20ac HT<\/b><\/p>\t\t\t\t\t\t<\/div>\n\t\t\t\t<\/div>\n\t\t\t\t\t<\/div>\n\t\t<\/div>\n\t\t\t\t\t\t\t<\/div>\n\t\t<\/section>\n\t\t\t\t<section class=\"elementor-section elementor-inner-section elementor-element elementor-element-a748049 elementor-section-boxed elementor-section-height-default elementor-section-height-default\" data-id=\"a748049\" data-element_type=\"section\">\n\t\t\t\t\t\t<div class=\"elementor-container elementor-column-gap-default\">\n\t\t\t\t\t<div class=\"elementor-column elementor-col-50 elementor-inner-column elementor-element elementor-element-b02edc5 elementor-invisible\" data-id=\"b02edc5\" data-element_type=\"column\" data-settings=\"{&quot;animation&quot;:&quot;bounceInLeft&quot;}\">\n\t\t\t<div class=\"elementor-widget-wrap elementor-element-populated\">\n\t\t\t\t\t\t\t\t<div class=\"elementor-element elementor-element-d33d418 elementor-position-top elementor-widget elementor-widget-image-box\" data-id=\"d33d418\" data-element_type=\"widget\" data-widget_type=\"image-box.default\">\n\t\t\t\t<div class=\"elementor-widget-container\">\n\t\t\t<div class=\"elementor-image-box-wrapper\"><figure class=\"elementor-image-box-img\"><a href=\"#\" tabindex=\"-1\"><img width=\"192\" height=\"119\" src=\"https:\/\/codisgroupe.com\/wp-content\/uploads\/2023\/02\/Image3-3.png\" class=\"attachment-full size-full wp-image-1090\" alt=\"\" decoding=\"async\" \/><\/a><\/figure><div class=\"elementor-image-box-content\"><h4 class=\"elementor-image-box-title\"><a href=\"#\">SNCF \u2013EOLE Prolongement de la ligne E<\/a><\/h4><\/div><\/div>\t\t<\/div>\n\t\t\t\t<\/div>\n\t\t\t\t<div class=\"elementor-element elementor-element-a813817 elementor-widget elementor-widget-text-editor\" data-id=\"a813817\" data-element_type=\"widget\" data-widget_type=\"text-editor.default\">\n\t\t\t\t<div class=\"elementor-widget-container\">\n\t\t\t\t\t\t\t<p><b>Direction OPC du secteur Porte Maillot et Annexes<br \/>Projet : <\/b>8 km de Tunnel entre le quartier de La D\u00e9fense et la gare Haussmann Saint-Lazare ; cr\u00e9ation de deux nouvelles gares souterraines \u00e0 Porte Maillot et dans le quartier de la D\u00e9fense<b><br \/>Co\u00fbt des travaux : 3,8 milliard d\u2019\u20ac HT<\/b><\/p>\t\t\t\t\t\t<\/div>\n\t\t\t\t<\/div>\n\t\t\t\t\t<\/div>\n\t\t<\/div>\n\t\t\t\t<div class=\"elementor-column elementor-col-50 elementor-inner-column elementor-element elementor-element-17523ce elementor-invisible\" data-id=\"17523ce\" data-element_type=\"column\" data-settings=\"{&quot;animation&quot;:&quot;bounceInLeft&quot;,&quot;animation_delay&quot;:500}\">\n\t\t\t<div class=\"elementor-widget-wrap elementor-element-populated\">\n\t\t\t\t\t\t\t\t<div class=\"elementor-element elementor-element-c73c0e0 elementor-position-top elementor-widget elementor-widget-image-box\" data-id=\"c73c0e0\" data-element_type=\"widget\" data-widget_type=\"image-box.default\">\n\t\t\t\t<div class=\"elementor-widget-container\">\n\t\t\t<div class=\"elementor-image-box-wrapper\"><figure class=\"elementor-image-box-img\"><a href=\"#\" tabindex=\"-1\"><img loading=\"lazy\" width=\"194\" height=\"119\" src=\"https:\/\/codisgroupe.com\/wp-content\/uploads\/2023\/02\/Image4-2.png\" class=\"attachment-full size-full wp-image-1097\" alt=\"\" decoding=\"async\" \/><\/a><\/figure><div class=\"elementor-image-box-content\"><h4 class=\"elementor-image-box-title\"><a href=\"#\">PARIS LA DEFENSE- ZAC des Groues de Nanterre<\/a><\/h4><\/div><\/div>\t\t<\/div>\n\t\t\t\t<\/div>\n\t\t\t\t<div class=\"elementor-element elementor-element-fcfd947 elementor-widget elementor-widget-text-editor\" data-id=\"fcfd947\" data-element_type=\"widget\" data-widget_type=\"text-editor.default\">\n\t\t\t\t<div class=\"elementor-widget-container\">\n\t\t\t\t\t\t\t<b>Direction de Projet AMO\/Coordination interchantiers\nProjet : <\/b>Quartier de 65 hectares, pouvant accueillir 10 500 nouveaux habitants (288 000 m\u00b2 de logements ; 210 500 m\u00b2 de bureaux ; 79 000 m\u00b2 d\u00e9di\u00e9s aux activit\u00e9s, commerces, H\u00e9bergements h\u00f4telier et touristique et \u00e9quipements publics \/ priv\u00e9s ; 3 nouveaux groupes scolaires ; 1 \u00ab hub \u00bb de transport m\u00e9tropolitain). <br>\n<b>Cout travaux : 35 millions d\u2019\u20ac HT<\/b>\t\t\t\t\t\t<\/div>\n\t\t\t\t<\/div>\n\t\t\t\t\t<\/div>\n\t\t<\/div>\n\t\t\t\t\t\t\t<\/div>\n\t\t<\/section>\n\t\t\t\t\t<\/div>\n\t\t<\/div>\n\t\t\t\t\t\t\t<\/div>\n\t\t<\/section>\n\t\t\t\t<section class=\"elementor-section elementor-top-section elementor-element elementor-element-fa83677 elementor-section-boxed elementor-section-height-default elementor-section-height-default\" data-id=\"fa83677\" data-element_type=\"section\">\n\t\t\t\t\t\t\t<div class=\"elementor-background-overlay\"><\/div>\n\t\t\t\t\t\t\t<div class=\"elementor-container elementor-column-gap-default\">\n\t\t\t\t\t<div class=\"elementor-column elementor-col-100 elementor-top-column elementor-element elementor-element-8075655\" data-id=\"8075655\" data-element_type=\"column\">\n\t\t\t<div class=\"elementor-widget-wrap elementor-element-populated\">\n\t\t\t\t\t\t\t\t<section class=\"elementor-section elementor-inner-section elementor-element elementor-element-e907152 elementor-section-boxed elementor-section-height-default elementor-section-height-default\" data-id=\"e907152\" data-element_type=\"section\">\n\t\t\t\t\t\t<div class=\"elementor-container elementor-column-gap-default\">\n\t\t\t\t\t<div class=\"elementor-column elementor-col-50 elementor-inner-column elementor-element elementor-element-4cb1a44 elementor-invisible\" data-id=\"4cb1a44\" data-element_type=\"column\" data-settings=\"{&quot;animation&quot;:&quot;bounceInLeft&quot;}\">\n\t\t\t<div class=\"elementor-widget-wrap elementor-element-populated\">\n\t\t\t\t\t\t\t\t<div class=\"elementor-element elementor-element-c51334c elementor-position-top elementor-widget elementor-widget-image-box\" data-id=\"c51334c\" data-element_type=\"widget\" data-widget_type=\"image-box.default\">\n\t\t\t\t<div class=\"elementor-widget-container\">\n\t\t\t<div class=\"elementor-image-box-wrapper\"><figure class=\"elementor-image-box-img\"><a href=\"#\" tabindex=\"-1\"><img loading=\"lazy\" width=\"191\" height=\"119\" src=\"https:\/\/codisgroupe.com\/wp-content\/uploads\/2023\/02\/Image5-2.png\" class=\"attachment-full size-full wp-image-1110\" alt=\"\" decoding=\"async\" \/><\/a><\/figure><div class=\"elementor-image-box-content\"><h4 class=\"elementor-image-box-title\"><a href=\"#\">GRAND PARIS AMENAGEMENT - ZAC Cr\u00e9teil l\u2019Echat <\/a><\/h4><\/div><\/div>\t\t<\/div>\n\t\t\t\t<\/div>\n\t\t\t\t<div class=\"elementor-element elementor-element-40b35f9 elementor-widget elementor-widget-text-editor\" data-id=\"40b35f9\" data-element_type=\"widget\" data-widget_type=\"text-editor.default\">\n\t\t\t\t<div class=\"elementor-widget-container\">\n\t\t\t\t\t\t\t<p><b>Direction de Projet AMO\/Coordination interchantiers<\/b><br \/><b>Projet<\/b> : 130 000M\u00b2 de surface plancher : 1 450 logements ; 24 200 m\u00b2 de bureaux ; 5 000 m\u00b2 de r\u00e9sidence h\u00f4teli\u00e8re ; 5 000 m\u00b2 de r\u00e9sidence \u00e9tudiante ; 2 000 m\u00b2 de commerces ; groupe scolaire ; cr\u00e8che <b><br \/><\/b><b>Co\u00fbt des travaux : 218 millions d\u2019\u20ac HT<\/b><\/p>\t\t\t\t\t\t<\/div>\n\t\t\t\t<\/div>\n\t\t\t\t\t<\/div>\n\t\t<\/div>\n\t\t\t\t<div class=\"elementor-column elementor-col-50 elementor-inner-column elementor-element elementor-element-91e7ba2 elementor-invisible\" data-id=\"91e7ba2\" data-element_type=\"column\" data-settings=\"{&quot;animation&quot;:&quot;bounceInLeft&quot;,&quot;animation_delay&quot;:500}\">\n\t\t\t<div class=\"elementor-widget-wrap elementor-element-populated\">\n\t\t\t\t\t\t\t\t<div class=\"elementor-element elementor-element-5a726f1 elementor-position-top elementor-widget elementor-widget-image-box\" data-id=\"5a726f1\" data-element_type=\"widget\" data-widget_type=\"image-box.default\">\n\t\t\t\t<div class=\"elementor-widget-container\">\n\t\t\t<div class=\"elementor-image-box-wrapper\"><figure class=\"elementor-image-box-img\"><a href=\"#\" tabindex=\"-1\"><img loading=\"lazy\" width=\"192\" height=\"108\" src=\"https:\/\/codisgroupe.com\/wp-content\/uploads\/2023\/02\/Image6-1.png\" class=\"attachment-full size-full wp-image-1123\" alt=\"\" decoding=\"async\" \/><\/a><\/figure><div class=\"elementor-image-box-content\"><h4 class=\"elementor-image-box-title\"><a href=\"#\">METROPOLE EUROPEENNE DE LILLE (MEL) \u2013 Am\u00e9nagement \u00ab\u00a0Grand Angle\u00a0\u00bb \u00e0 Villeneuve d\u2019Ascq<\/a><\/h4><\/div><\/div>\t\t<\/div>\n\t\t\t\t<\/div>\n\t\t\t\t<div class=\"elementor-element elementor-element-d7f3f43 elementor-widget elementor-widget-text-editor\" data-id=\"d7f3f43\" data-element_type=\"widget\" data-widget_type=\"text-editor.default\">\n\t\t\t\t<div class=\"elementor-widget-container\">\n\t\t\t\t\t\t\t<p><b>Direction de Projet AMO\/Coordination interchantiers<br \/>Projet : <\/b>15 march\u00e9s VRD d\u2019espaces publics (92 ha) ; 14 op\u00e9rations immobili\u00e8res (800 logements) ; 1 p\u00f4le d\u2019\u00e9change multimodal ;1 station de m\u00e9tro ; 1 espace vert.<br \/><b>Co\u00fbt des travaux : 70 millions d\u2019\u20ac HT<\/b><\/p>\t\t\t\t\t\t<\/div>\n\t\t\t\t<\/div>\n\t\t\t\t\t<\/div>\n\t\t<\/div>\n\t\t\t\t\t\t\t<\/div>\n\t\t<\/section>\n\t\t\t\t<section class=\"elementor-section elementor-inner-section elementor-element elementor-element-2de5334 elementor-section-boxed elementor-section-height-default elementor-section-height-default\" data-id=\"2de5334\" data-element_type=\"section\">\n\t\t\t\t\t\t<div class=\"elementor-container elementor-column-gap-default\">\n\t\t\t\t\t<div class=\"elementor-column elementor-col-50 elementor-inner-column elementor-element elementor-element-d6a6285 elementor-invisible\" data-id=\"d6a6285\" data-element_type=\"column\" data-settings=\"{&quot;animation&quot;:&quot;bounceInLeft&quot;}\">\n\t\t\t<div class=\"elementor-widget-wrap elementor-element-populated\">\n\t\t\t\t\t\t\t\t<div class=\"elementor-element elementor-element-d347bc5 elementor-position-top elementor-widget elementor-widget-image-box\" data-id=\"d347bc5\" data-element_type=\"widget\" data-widget_type=\"image-box.default\">\n\t\t\t\t<div class=\"elementor-widget-container\">\n\t\t\t<div class=\"elementor-image-box-wrapper\"><figure class=\"elementor-image-box-img\"><a href=\"#\" tabindex=\"-1\"><img loading=\"lazy\" width=\"190\" height=\"120\" src=\"https:\/\/codisgroupe.com\/wp-content\/uploads\/2023\/02\/Image7-1.png\" class=\"attachment-full size-full wp-image-1130\" alt=\"\" decoding=\"async\" \/><\/a><\/figure><div class=\"elementor-image-box-content\"><h4 class=\"elementor-image-box-title\"><a href=\"#\">CITE INTERNATIONALE UNIVERSITAIRE DE PARIS (CIUP) -  Am\u00e9nagement CIUP<\/a><\/h4><\/div><\/div>\t\t<\/div>\n\t\t\t\t<\/div>\n\t\t\t\t<div class=\"elementor-element elementor-element-7666dae elementor-widget elementor-widget-text-editor\" data-id=\"7666dae\" data-element_type=\"widget\" data-widget_type=\"text-editor.default\">\n\t\t\t\t<div class=\"elementor-widget-container\">\n\t\t\t\t\t\t\t<p><b>Direction de Travaux TCE\/Coordination interchantiers<\/b><b><br \/>Projet : <\/b>Construction de 8 nouvelles r\u00e9sidences \u00e9tudiantes (1800 logements) ; viabilisation des parcelles et r\u00e9am\u00e9nagement des voiries (34 ha) ; r\u00e9habilitation des 2 stades ; r\u00e9alisation d\u2019un ouvrage d\u2019art (pont) <b><br \/>Co\u00fbt des travaux : 14 millions d\u2019\u20ac HT<\/b><\/p>\t\t\t\t\t\t<\/div>\n\t\t\t\t<\/div>\n\t\t\t\t\t<\/div>\n\t\t<\/div>\n\t\t\t\t<div class=\"elementor-column elementor-col-50 elementor-inner-column elementor-element elementor-element-2d20f71 elementor-invisible\" data-id=\"2d20f71\" data-element_type=\"column\" data-settings=\"{&quot;animation&quot;:&quot;bounceInLeft&quot;,&quot;animation_delay&quot;:500}\">\n\t\t\t<div class=\"elementor-widget-wrap elementor-element-populated\">\n\t\t\t\t\t\t\t\t<div class=\"elementor-element elementor-element-6d78c66 elementor-position-top elementor-widget elementor-widget-image-box\" data-id=\"6d78c66\" data-element_type=\"widget\" data-widget_type=\"image-box.default\">\n\t\t\t\t<div class=\"elementor-widget-container\">\n\t\t\t<div class=\"elementor-image-box-wrapper\"><figure class=\"elementor-image-box-img\"><a href=\"#\" tabindex=\"-1\"><img loading=\"lazy\" width=\"194\" height=\"99\" src=\"https:\/\/codisgroupe.com\/wp-content\/uploads\/2023\/02\/Image8-1.png\" class=\"attachment-full size-full wp-image-1137\" alt=\"\" decoding=\"async\" \/><\/a><\/figure><div class=\"elementor-image-box-content\"><h4 class=\"elementor-image-box-title\"><a href=\"#\">EPA MARNE - ZAC du Sycomore<\/a><\/h4><\/div><\/div>\t\t<\/div>\n\t\t\t\t<\/div>\n\t\t\t\t<div class=\"elementor-element elementor-element-6a879e5 elementor-widget elementor-widget-text-editor\" data-id=\"6a879e5\" data-element_type=\"widget\" data-widget_type=\"text-editor.default\">\n\t\t\t\t<div class=\"elementor-widget-container\">\n\t\t\t\t\t\t\t<p><b>Direction de Projet AMO\/Coordination interchantiers<br>Projet : <\/b>117 ha d\u2019am\u00e9nagement ; 3500 m\u00b2 de commerces ; 4500 logements ; 40 000 m\u00b2 d\u2019\u00e9quipements publics et priv\u00e9es ; 4ha d\u2019activit\u00e9s \u00e9conomiques ; 16 ha d\u2019espaces verts.<br><b>Co\u00fbt des travaux<\/b><b>&nbsp;: 116,2<\/b><b>&nbsp;millions d\u2019\u20ac HT<\/b><\/p>\t\t\t\t\t\t<\/div>\n\t\t\t\t<\/div>\n\t\t\t\t\t<\/div>\n\t\t<\/div>\n\t\t\t\t\t\t\t<\/div>\n\t\t<\/section>\n\t\t\t\t\t<\/div>\n\t\t<\/div>\n\t\t\t\t\t\t\t<\/div>\n\t\t<\/section>\n\t\t\t\t\t\t\t<\/div>\n\t\t","protected":false},"excerpt":{"rendered":"<p>Nos R\u00e9f\u00e9rences PVCP\/DISNEY \u2013 Village Nature Direction de Travaux TCE en phase Ex\u00e9cutionProjet : 1730 unit\u00e9s d\u2019h\u00e9bergements sur une surface de 300Ha. (160 000m\u00b2 de b\u00e2timents r\u00e9cr\u00e9atifs et 180 ha d\u2019espaces am\u00e9nag\u00e9s.Co\u00fbt des travaux : 785 millions d\u2019\u20ac HT BOUYGUES IMMOBILIER \u2013 Enjoy Batignolles Direction de Travaux TCE en phase Ex\u00e9cutionProjet : Immeuble de bureaux&#8230;<\/p>\n","protected":false},"author":1,"featured_media":0,"parent":0,"menu_order":0,"comment_status":"closed","ping_status":"closed","template":"","meta":{"om_disable_all_campaigns":false,"_kad_post_transparent":"","_kad_post_title":"hide","_kad_post_layout":"fullwidth","_kad_post_sidebar_id":"","_kad_post_content_style":"unboxed","_kad_post_vertical_padding":"hide","_kad_post_feature":"hide","_kad_post_feature_position":"","_kad_post_header":false,"_kad_post_footer":false},"_links":{"self":[{"href":"https:\/\/codisgroupe.com\/index.php\/wp-json\/wp\/v2\/pages\/653"}],"collection":[{"href":"https:\/\/codisgroupe.com\/index.php\/wp-json\/wp\/v2\/pages"}],"about":[{"href":"https:\/\/codisgroupe.com\/index.php\/wp-json\/wp\/v2\/types\/page"}],"author":[{"embeddable":true,"href":"https:\/\/codisgroupe.com\/index.php\/wp-json\/wp\/v2\/users\/1"}],"replies":[{"embeddable":true,"href":"https:\/\/codisgroupe.com\/index.php\/wp-json\/wp\/v2\/comments?post=653"}],"version-history":[{"count":203,"href":"https:\/\/codisgroupe.com\/index.php\/wp-json\/wp\/v2\/pages\/653\/revisions"}],"predecessor-version":[{"id":1570,"href":"https:\/\/codisgroupe.com\/index.php\/wp-json\/wp\/v2\/pages\/653\/revisions\/1570"}],"wp:attachment":[{"href":"https:\/\/codisgroupe.com\/index.php\/wp-json\/wp\/v2\/media?parent=653"}],"curies":[{"name":"wp","href":"https:\/\/api.w.org\/{rel}","templated":true}]}}